{"id":1962,"date":"2024-05-19T13:56:34","date_gmt":"2024-05-19T11:56:34","guid":{"rendered":"https:\/\/leicht.group\/?page_id=1962"},"modified":"2025-06-03T16:09:57","modified_gmt":"2025-06-03T14:09:57","slug":"about","status":"publish","type":"page","link":"https:\/\/leicht.group\/uk\/about\/","title":{"rendered":"\u041f\u0440\u043e \u043d\u0430\u0441"},"content":{"rendered":"\t\t<div data-elementor-type=\"wp-page\" data-elementor-id=\"1962\" class=\"elementor elementor-1962 elementor-112\" data-elementor-post-type=\"page\">\n\t\t\t\t<div class=\"elementor-element elementor-element-d35d1c8 e-flex e-con-boxed e-con e-parent\" data-id=\"d35d1c8\" data-element_type=\"container\">\n\t\t\t\t\t<div class=\"e-con-inner\">\n\t\t<div class=\"elementor-element elementor-element-069199b e-con-full e-flex e-con e-child\" data-id=\"069199b\" data-element_type=\"container\">\n\t\t\t\t<div class=\"elementor-element elementor-element-c2c68a2 elementor-widget elementor-widget-heading\" data-id=\"c2c68a2\" data-element_type=\"widget\" data-widget_type=\"heading.default\">\n\t\t\t\t<div class=\"elementor-widget-container\">\n\t\t\t\t\t<div class=\"elementor-heading-title elementor-size-default\">\u041f\u0440\u043e \u043d\u0430\u0441<\/div>\t\t\t\t<\/div>\n\t\t\t\t<\/div>\n\t\t\t\t<div class=\"elementor-element elementor-element-929732a elementor-widget elementor-widget-heading\" data-id=\"929732a\" data-element_type=\"widget\" data-widget_type=\"heading.default\">\n\t\t\t\t<div class=\"elementor-widget-container\">\n\t\t\t\t\t<h1 class=\"elementor-heading-title elementor-size-default\">Leicht Group \u2014 \u043f\u0440\u043e\u043c\u0438\u0441\u043b\u043e\u0432\u0456 \u0442\u0430 \u0442\u0435\u0445\u043d\u043e\u043b\u043e\u0433\u0456\u0447\u043d\u0456 \u0456\u043d\u0441\u0442\u0430\u043b\u044f\u0446\u0456\u0457<\/h1>\t\t\t\t<\/div>\n\t\t\t\t<\/div>\n\t\t\t\t<div class=\"elementor-element elementor-element-a98033f elementor-widget elementor-widget-text-editor\" data-id=\"a98033f\" data-element_type=\"widget\" data-widget_type=\"text-editor.default\">\n\t\t\t\t<div class=\"elementor-widget-container\">\n\t\t\t\t\t\t\t\t\t<p>\u041c\u0438 \u043d\u0430\u0434\u0430\u0454\u043c\u043e \u043f\u043e\u0441\u043b\u0443\u0433\u0438 \u0437 \u043f\u0440\u043e\u0454\u043a\u0442\u0443\u0432\u0430\u043d\u043d\u044f \u0442\u0430 \u0432\u0438\u0440\u043e\u0431\u043d\u0438\u0446\u0442\u0432\u0430 \u043f\u0440\u043e\u043c\u0438\u0441\u043b\u043e\u0432\u0438\u0445 \u0456 \u0442\u0435\u0445\u043d\u043e\u043b\u043e\u0433\u0456\u0447\u043d\u0438\u0445 \u043c\u0430\u0448\u0438\u043d \u0442\u0430 \u0456\u043d\u0441\u0442\u0430\u043b\u044f\u0446\u0456\u0439.<\/p>\t\t\t\t\t\t\t\t<\/div>\n\t\t\t\t<\/div>\n\t\t\t\t<div class=\"elementor-element elementor-element-25b3d14 head_button elementor-widget elementor-widget-button\" data-id=\"25b3d14\" data-element_type=\"widget\" data-widget_type=\"button.default\">\n\t\t\t\t<div class=\"elementor-widget-container\">\n\t\t\t\t\t\t\t\t\t<div class=\"elementor-button-wrapper\">\n\t\t\t\t\t<a class=\"elementor-button elementor-button-link elementor-size-sm\" href=\"https:\/\/leicht.group\/uk\/uslugi\">\n\t\t\t\t\t\t<span class=\"elementor-button-content-wrapper\">\n\t\t\t\t\t\t<span class=\"elementor-button-icon\">\n\t\t\t\t<svg xmlns=\"http:\/\/www.w3.org\/2000\/svg\" id=\"uuid-36091fdb-d6db-4996-8360-72b11079ce1c\" data-name=\"&#x428;&#x430;&#x440; 2\" viewBox=\"0 0 34 34\"><g id=\"uuid-963303a0-bf6f-490b-93f3-11efdd965405\" data-name=\"&#x428;&#x430;&#x440; 1\"><g id=\"uuid-01492c6a-66f4-4335-9265-7edb508ce0d5\" data-name=\"uuid-b1a62ad6-b128-4fa2-8ac8-e445fb87e494\"><path d=\"m0,16.99C.02,7.59,7.63-.02,17.01,0s17.01,7.63,16.99,17.08-7.66,16.95-17.08,16.92C7.58,33.98-.02,26.34,0,16.99Zm7.34-8.01c5.03,5.05,10.06,10.1,15.14,15.21l-10.78-.02v2.08s.69,0,.69,0c4.36,0,8.72,0,13.08.03.6,0,.79-.14.78-.77-.02-4.36,0-8.72.01-13.08v-.7s-2.12,0-2.12,0l-.02,10.96c-5.17-5.19-10.2-10.24-15.19-15.25-.52.5-.99.96-1.59,1.54Z\" style=\"fill: #010101;\"><\/path><\/g><\/g><\/svg>\t\t\t<\/span>\n\t\t\t\t\t\t\t\t\t<span class=\"elementor-button-text\">\u041f\u043e\u0441\u043b\u0443\u0433\u0438<\/span>\n\t\t\t\t\t<\/span>\n\t\t\t\t\t<\/a>\n\t\t\t\t<\/div>\n\t\t\t\t\t\t\t\t<\/div>\n\t\t\t\t<\/div>\n\t\t\t\t<\/div>\n\t\t<div class=\"elementor-element elementor-element-a816852 e-con-full e-flex e-con e-child\" data-id=\"a816852\" data-element_type=\"container\" data-settings=\"{&quot;sticky&quot;:&quot;top&quot;,&quot;sticky_on&quot;:[&quot;desktop&quot;],&quot;sticky_offset&quot;:100,&quot;sticky_parent&quot;:&quot;yes&quot;,&quot;sticky_effects_offset&quot;:0,&quot;sticky_anchor_link_offset&quot;:0}\">\n\t\t<div class=\"elementor-element elementor-element-849a110 e-con-full e-flex elementor-invisible e-con e-child\" data-id=\"849a110\" data-element_type=\"container\" data-settings=\"{&quot;background_background&quot;:&quot;classic&quot;,&quot;animation&quot;:&quot;zoomIn&quot;}\">\n\t\t\t\t<div class=\"elementor-element elementor-element-05bcec5 licba elementor-widget elementor-widget-counter\" data-id=\"05bcec5\" data-element_type=\"widget\" data-widget_type=\"counter.default\">\n\t\t\t\t<div class=\"elementor-widget-container\">\n\t\t\t\t\t\t\t<div class=\"elementor-counter\">\n\t\t\t<div class=\"elementor-counter-title\">\u0440\u043e\u043a\u0456\u0432 \u043d\u0430 \u0440\u0438\u043d\u043a\u0443<\/div>\t\t\t<div class=\"elementor-counter-number-wrapper\">\n\t\t\t\t<span class=\"elementor-counter-number-prefix\"><\/span>\n\t\t\t\t<span class=\"elementor-counter-number\" data-duration=\"2000\" data-to-value=\"8\" data-from-value=\"0\" data-delimiter=\",\">0<\/span>\n\t\t\t\t<span class=\"elementor-counter-number-suffix\">+<\/span>\n\t\t\t<\/div>\n\t\t<\/div>\n\t\t\t\t\t\t<\/div>\n\t\t\t\t<\/div>\n\t\t\t\t<\/div>\n\t\t<div class=\"elementor-element elementor-element-6a83c70 e-con-full e-flex elementor-invisible e-con e-child\" data-id=\"6a83c70\" data-element_type=\"container\" data-settings=\"{&quot;background_background&quot;:&quot;classic&quot;,&quot;animation&quot;:&quot;zoomIn&quot;}\">\n\t\t\t\t<div class=\"elementor-element elementor-element-db297a0 licba elementor-widget elementor-widget-counter\" data-id=\"db297a0\" data-element_type=\"widget\" data-widget_type=\"counter.default\">\n\t\t\t\t<div class=\"elementor-widget-container\">\n\t\t\t\t\t\t\t<div class=\"elementor-counter\">\n\t\t\t<div class=\"elementor-counter-title\">\u0440\u0435\u0430\u043b\u0456\u0437\u043e\u0432\u0430\u043d\u0438\u0445 \u043f\u0440\u043e\u0454\u043a\u0442\u0456\u0432<\/div>\t\t\t<div class=\"elementor-counter-number-wrapper\">\n\t\t\t\t<span class=\"elementor-counter-number-prefix\"><\/span>\n\t\t\t\t<span class=\"elementor-counter-number\" data-duration=\"2000\" data-to-value=\"75\" data-from-value=\"0\" data-delimiter=\",\">0<\/span>\n\t\t\t\t<span class=\"elementor-counter-number-suffix\">+<\/span>\n\t\t\t<\/div>\n\t\t<\/div>\n\t\t\t\t\t\t<\/div>\n\t\t\t\t<\/div>\n\t\t\t\t<\/div>\n\t\t<div class=\"elementor-element elementor-element-08a3177 e-con-full e-flex elementor-invisible e-con e-child\" data-id=\"08a3177\" data-element_type=\"container\" data-settings=\"{&quot;background_background&quot;:&quot;classic&quot;,&quot;animation&quot;:&quot;zoomIn&quot;,&quot;animation_delay&quot;:400}\">\n\t\t\t\t<div class=\"elementor-element elementor-element-bd34d2d elementor-widget elementor-widget-image\" data-id=\"bd34d2d\" data-element_type=\"widget\" data-widget_type=\"image.default\">\n\t\t\t\t<div class=\"elementor-widget-container\">\n\t\t\t\t\t\t\t\t\t\t\t\t\t\t\t<img decoding=\"async\" src=\"https:\/\/leicht.group\/wp-content\/uploads\/elementor\/thumbs\/photo_2020-06-09_12-33-43-qoe21fkxzuj9h5ur8o8gief9zbjkm38i4lb3fqgem8.jpg\" title=\"photo_2020-06-09_12-33-43\" alt=\"photo_2020-06-09_12-33-43\" loading=\"lazy\" \/>\t\t\t\t\t\t\t\t\t\t\t\t\t\t\t<\/div>\n\t\t\t\t<\/div>\n\t\t\t\t<\/div>\n\t\t<div class=\"elementor-element elementor-element-3866331 e-con-full e-flex elementor-invisible e-con e-child\" data-id=\"3866331\" data-element_type=\"container\" data-settings=\"{&quot;background_background&quot;:&quot;classic&quot;,&quot;animation&quot;:&quot;zoomIn&quot;,&quot;animation_delay&quot;:400}\">\n\t\t\t\t<div class=\"elementor-element elementor-element-2105074 elementor-widget elementor-widget-image\" data-id=\"2105074\" data-element_type=\"widget\" data-widget_type=\"image.default\">\n\t\t\t\t<div class=\"elementor-widget-container\">\n\t\t\t\t\t\t\t\t\t\t\t\t\t\t\t<img decoding=\"async\" src=\"https:\/\/leicht.group\/wp-content\/uploads\/elementor\/thumbs\/photo_2020-06-09_12-33-52-qoe21iegkcn4fzqns7gc7vpnrh5o96jp4z9jvkc83k.jpg\" title=\"photo_2020-06-09_12-33-52\" alt=\"photo_2020-06-09_12-33-52\" loading=\"lazy\" \/>\t\t\t\t\t\t\t\t\t\t\t\t\t\t\t<\/div>\n\t\t\t\t<\/div>\n\t\t\t\t<\/div>\n\t\t<div class=\"elementor-element elementor-element-763eead e-con-full e-flex elementor-invisible e-con e-child\" data-id=\"763eead\" data-element_type=\"container\" data-settings=\"{&quot;background_background&quot;:&quot;classic&quot;,&quot;animation&quot;:&quot;zoomIn&quot;}\">\n\t\t\t\t<div class=\"elementor-element elementor-element-afcf647 licba elementor-widget elementor-widget-counter\" data-id=\"afcf647\" data-element_type=\"widget\" data-widget_type=\"counter.default\">\n\t\t\t\t<div class=\"elementor-widget-container\">\n\t\t\t\t\t\t\t<div class=\"elementor-counter\">\n\t\t\t<div class=\"elementor-counter-title\">\u043a\u043b\u0456\u0454\u043d\u0442\u0456\u0432<\/div>\t\t\t<div class=\"elementor-counter-number-wrapper\">\n\t\t\t\t<span class=\"elementor-counter-number-prefix\"><\/span>\n\t\t\t\t<span class=\"elementor-counter-number\" data-duration=\"2000\" data-to-value=\"40\" data-from-value=\"0\" data-delimiter=\",\">0<\/span>\n\t\t\t\t<span class=\"elementor-counter-number-suffix\">+<\/span>\n\t\t\t<\/div>\n\t\t<\/div>\n\t\t\t\t\t\t<\/div>\n\t\t\t\t<\/div>\n\t\t\t\t<\/div>\n\t\t<div class=\"elementor-element elementor-element-acb519d e-con-full elementor-hidden-desktop e-flex elementor-invisible e-con e-child\" data-id=\"acb519d\" data-element_type=\"container\" data-settings=\"{&quot;background_background&quot;:&quot;classic&quot;,&quot;animation&quot;:&quot;zoomIn&quot;}\">\n\t\t\t\t<div class=\"elementor-element elementor-element-2860824 elementor-widget elementor-widget-image\" data-id=\"2860824\" data-element_type=\"widget\" data-widget_type=\"image.default\">\n\t\t\t\t<div class=\"elementor-widget-container\">\n\t\t\t\t\t\t\t\t\t\t\t\t\t\t\t<img decoding=\"async\" src=\"https:\/\/leicht.group\/wp-content\/uploads\/elementor\/thumbs\/photo_2020-05-06_20-54-25-qoe20zlornxdzshytzbsu0gfvrqbz8h2ee7ua143k0.jpg\" title=\"photo_2020-05-06_20-54-25\" alt=\"photo_2020-05-06_20-54-25\" loading=\"lazy\" \/>\t\t\t\t\t\t\t\t\t\t\t\t\t\t\t<\/div>\n\t\t\t\t<\/div>\n\t\t\t\t<\/div>\n\t\t\t\t<\/div>\n\t\t\t\t\t<\/div>\n\t\t\t\t<\/div>\n\t\t\t\t<\/div>\n\t\t","protected":false},"excerpt":{"rendered":"<p>\u041f\u0440\u043e \u043d\u0430\u0441 Leicht Group \u2014 \u043f\u0440\u043e\u043c\u0438\u0441\u043b\u043e\u0432\u0456 \u0442\u0430 \u0442\u0435\u0445\u043d\u043e\u043b\u043e\u0433\u0456\u0447\u043d\u0456 \u0456\u043d\u0441\u0442\u0430\u043b\u044f\u0446\u0456\u0457 \u041c\u0438 \u043d\u0430\u0434\u0430\u0454\u043c\u043e \u043f\u043e\u0441\u043b\u0443\u0433\u0438 \u0437 \u043f\u0440\u043e\u0454\u043a\u0442\u0443\u0432\u0430\u043d\u043d\u044f \u0442\u0430 \u0432\u0438\u0440\u043e\u0431\u043d\u0438\u0446\u0442\u0432\u0430 \u043f\u0440\u043e\u043c\u0438\u0441\u043b\u043e\u0432\u0438\u0445 \u0456 \u0442\u0435\u0445\u043d\u043e\u043b\u043e\u0433\u0456\u0447\u043d\u0438\u0445 \u043c\u0430\u0448\u0438\u043d \u0442\u0430 \u0456\u043d\u0441\u0442\u0430\u043b\u044f\u0446\u0456\u0439. \u041f\u043e\u0441\u043b\u0443\u0433\u0438 \u0440\u043e\u043a\u0456\u0432 \u043d\u0430 \u0440\u0438\u043d\u043a\u0443 0 + \u0440\u0435\u0430\u043b\u0456\u0437\u043e\u0432\u0430\u043d\u0438\u0445 \u043f\u0440\u043e\u0454\u043a\u0442\u0456\u0432 0 + \u043a\u043b\u0456\u0454\u043d\u0442\u0456\u0432 0 +<\/p>\n","protected":false},"author":1,"featured_media":0,"parent":0,"menu_order":0,"comment_status":"closed","ping_status":"closed","template":"","meta":{"footnotes":""},"class_list":["post-1962","page","type-page","status-publish","hentry"],"yoast_head":"<!-- This site is optimized with the Yoast SEO Premium plugin v25.2 (Yoast SEO v26.8) - https:\/\/yoast.com\/product\/yoast-seo-premium-wordpress\/ -->\n<title>\u041f\u0440\u043e \u043d\u0430\u0441 - Leicht Group<\/title>\n<meta name=\"robots\" content=\"index, follow, max-snippet:-1, max-image-preview:large, max-video-preview:-1\" \/>\n<link rel=\"canonical\" href=\"https:\/\/leicht.group\/uk\/about\/\" \/>\n<meta property=\"og:locale\" content=\"uk_UA\" \/>\n<meta property=\"og:type\" content=\"article\" \/>\n<meta property=\"og:title\" content=\"\u041f\u0440\u043e \u043d\u0430\u0441\" \/>\n<meta property=\"og:description\" content=\"\u041f\u0440\u043e \u043d\u0430\u0441 Leicht Group \u2014 \u043f\u0440\u043e\u043c\u0438\u0441\u043b\u043e\u0432\u0456 \u0442\u0430 \u0442\u0435\u0445\u043d\u043e\u043b\u043e\u0433\u0456\u0447\u043d\u0456 \u0456\u043d\u0441\u0442\u0430\u043b\u044f\u0446\u0456\u0457 \u041c\u0438 \u043d\u0430\u0434\u0430\u0454\u043c\u043e \u043f\u043e\u0441\u043b\u0443\u0433\u0438 \u0437 \u043f\u0440\u043e\u0454\u043a\u0442\u0443\u0432\u0430\u043d\u043d\u044f \u0442\u0430 \u0432\u0438\u0440\u043e\u0431\u043d\u0438\u0446\u0442\u0432\u0430 \u043f\u0440\u043e\u043c\u0438\u0441\u043b\u043e\u0432\u0438\u0445 \u0456 \u0442\u0435\u0445\u043d\u043e\u043b\u043e\u0433\u0456\u0447\u043d\u0438\u0445 \u043c\u0430\u0448\u0438\u043d \u0442\u0430 \u0456\u043d\u0441\u0442\u0430\u043b\u044f\u0446\u0456\u0439. \u041f\u043e\u0441\u043b\u0443\u0433\u0438 \u0440\u043e\u043a\u0456\u0432 \u043d\u0430 \u0440\u0438\u043d\u043a\u0443 0 + \u0440\u0435\u0430\u043b\u0456\u0437\u043e\u0432\u0430\u043d\u0438\u0445 \u043f\u0440\u043e\u0454\u043a\u0442\u0456\u0432 0 + \u043a\u043b\u0456\u0454\u043d\u0442\u0456\u0432 0 +\" \/>\n<meta property=\"og:url\" content=\"https:\/\/leicht.group\/uk\/about\/\" \/>\n<meta property=\"og:site_name\" content=\"Leicht Group\" \/>\n<meta property=\"article:publisher\" content=\"https:\/\/www.facebook.com\/leicht.group\/\" \/>\n<meta property=\"article:modified_time\" content=\"2025-06-03T14:09:57+00:00\" \/>\n<meta property=\"og:image\" content=\"https:\/\/leicht.group\/wp-content\/uploads\/elementor\/thumbs\/photo_2020-06-09_12-33-43-qoe21fkxzuj9h5ur8o8gief9zbjkm38i4lb3fqgem8.jpg\" \/>\n<meta name=\"twitter:card\" content=\"summary_large_image\" \/>\n<meta name=\"twitter:label1\" content=\"\u041f\u0440\u0438\u0431\u043b. \u0447\u0430\u0441 \u0447\u0438\u0442\u0430\u043d\u043d\u044f\" \/>\n\t<meta name=\"twitter:data1\" content=\"1 \u0445\u0432\u0438\u043b\u0438\u043d\u0430\" \/>\n<script type=\"application\/ld+json\" class=\"yoast-schema-graph\">{\"@context\":\"https:\/\/schema.org\",\"@graph\":[{\"@type\":\"WebPage\",\"@id\":\"https:\/\/leicht.group\/uk\/about\/\",\"url\":\"https:\/\/leicht.group\/uk\/about\/\",\"name\":\"\u041f\u0440\u043e \u043d\u0430\u0441 - Leicht Group\",\"isPartOf\":{\"@id\":\"https:\/\/leicht.group\/uk\/#website\"},\"primaryImageOfPage\":{\"@id\":\"https:\/\/leicht.group\/uk\/about\/#primaryimage\"},\"image\":{\"@id\":\"https:\/\/leicht.group\/uk\/about\/#primaryimage\"},\"thumbnailUrl\":\"https:\/\/leicht.group\/wp-content\/uploads\/elementor\/thumbs\/photo_2020-06-09_12-33-43-qoe21fkxzuj9h5ur8o8gief9zbjkm38i4lb3fqgem8.jpg\",\"datePublished\":\"2024-05-19T11:56:34+00:00\",\"dateModified\":\"2025-06-03T14:09:57+00:00\",\"breadcrumb\":{\"@id\":\"https:\/\/leicht.group\/uk\/about\/#breadcrumb\"},\"inLanguage\":\"uk\",\"potentialAction\":[{\"@type\":\"ReadAction\",\"target\":[\"https:\/\/leicht.group\/uk\/about\/\"]}]},{\"@type\":\"ImageObject\",\"inLanguage\":\"uk\",\"@id\":\"https:\/\/leicht.group\/uk\/about\/#primaryimage\",\"url\":\"https:\/\/leicht.group\/wp-content\/uploads\/elementor\/thumbs\/photo_2020-06-09_12-33-43-qoe21fkxzuj9h5ur8o8gief9zbjkm38i4lb3fqgem8.jpg\",\"contentUrl\":\"https:\/\/leicht.group\/wp-content\/uploads\/elementor\/thumbs\/photo_2020-06-09_12-33-43-qoe21fkxzuj9h5ur8o8gief9zbjkm38i4lb3fqgem8.jpg\"},{\"@type\":\"BreadcrumbList\",\"@id\":\"https:\/\/leicht.group\/uk\/about\/#breadcrumb\",\"itemListElement\":[{\"@type\":\"ListItem\",\"position\":1,\"name\":\"Leicht Group\",\"item\":\"https:\/\/leicht.group\/uk\/\"},{\"@type\":\"ListItem\",\"position\":2,\"name\":\"\u041f\u0440\u043e \u043d\u0430\u0441\"}]},{\"@type\":\"WebSite\",\"@id\":\"https:\/\/leicht.group\/uk\/#website\",\"url\":\"https:\/\/leicht.group\/uk\/\",\"name\":\"Leicht Group\",\"description\":\"Instalacje przemys\u0142owe i technologiczne\",\"publisher\":{\"@id\":\"https:\/\/leicht.group\/uk\/#organization\"},\"alternateName\":\"Leicht\",\"potentialAction\":[{\"@type\":\"SearchAction\",\"target\":{\"@type\":\"EntryPoint\",\"urlTemplate\":\"https:\/\/leicht.group\/uk\/?s={search_term_string}\"},\"query-input\":{\"@type\":\"PropertyValueSpecification\",\"valueRequired\":true,\"valueName\":\"search_term_string\"}}],\"inLanguage\":\"uk\"},{\"@type\":[\"Organization\",\"Place\"],\"@id\":\"https:\/\/leicht.group\/uk\/#organization\",\"name\":\"Leicht Group\",\"alternateName\":\"Leicht\",\"url\":\"https:\/\/leicht.group\/uk\/\",\"logo\":{\"@id\":\"https:\/\/leicht.group\/uk\/about\/#local-main-organization-logo\"},\"image\":{\"@id\":\"https:\/\/leicht.group\/uk\/about\/#local-main-organization-logo\"},\"sameAs\":[\"https:\/\/www.facebook.com\/leicht.group\/\",\"https:\/\/www.google.com\/maps\/place\/Leicht+Group\/@51.1183936,17.031103,17z\/data=!3m1!4b1!4m6!3m5!1s0x470fe986502baf89:0xe9a5c5972c916246!8m2!3d51.1183936!4d17.0336779!16s\/g\/11n0402l0b?entry=tts&g_ep=EgoyMDI0MDUxNC4wKgBIAVAD\"],\"description\":\"\u015awiadczymy us\u0142ugi w zakresie projektowania i produkcji maszyn i instalacji przemys\u0142owych i technologicznych.\",\"legalName\":\"Leicht Group\",\"foundingDate\":\"2017-01-22\",\"numberOfEmployees\":{\"@type\":\"QuantitativeValue\",\"minValue\":\"11\",\"maxValue\":\"50\"},\"address\":{\"@id\":\"https:\/\/leicht.group\/uk\/about\/#local-main-place-address\"},\"geo\":{\"@type\":\"GeoCoordinates\",\"latitude\":\"51.1183936\",\"longitude\":\"17.0336779\"},\"telephone\":[\"+48730819003\"],\"contactPoint\":{\"@type\":\"ContactPoint\",\"telephone\":\"+48730819003\",\"email\":\"biuro@leicht.group\"},\"openingHoursSpecification\":[{\"@type\":\"OpeningHoursSpecification\",\"dayOfWeek\":[\"Monday\",\"Tuesday\",\"Wednesday\",\"Thursday\",\"Friday\"],\"opens\":\"09:00\",\"closes\":\"18:00\"},{\"@type\":\"OpeningHoursSpecification\",\"dayOfWeek\":[\"Saturday\",\"Sunday\"],\"opens\":\"00:00\",\"closes\":\"00:00\"}],\"email\":\"biuro@leicht.group\",\"areaServed\":\"Poland, France, Germany\"},{\"@type\":\"PostalAddress\",\"@id\":\"https:\/\/leicht.group\/uk\/about\/#local-main-place-address\",\"streetAddress\":\"Rydygiera 14\/14\",\"addressLocality\":\"Wroc\u0142aw\",\"postalCode\":\"50-249\",\"addressRegion\":\"Wroc\u0142aw\",\"addressCountry\":\"PL\"},{\"@type\":\"ImageObject\",\"inLanguage\":\"uk\",\"@id\":\"https:\/\/leicht.group\/uk\/about\/#local-main-organization-logo\",\"url\":\"https:\/\/leicht.group\/wp-content\/uploads\/2024\/05\/Leich-Group-Icon.png\",\"contentUrl\":\"https:\/\/leicht.group\/wp-content\/uploads\/2024\/05\/Leich-Group-Icon.png\",\"width\":512,\"height\":512,\"caption\":\"Leicht Group\"}]}<\/script>\n<meta name=\"geo.placename\" content=\"Wroc\u0142aw\" \/>\n<meta name=\"geo.position\" content=\"51.1183936;17.0336779\" \/>\n<meta name=\"geo.region\" content=\"\u041f\u043e\u043b\u044c\u0449\u0430\" \/>\n<!-- \/ Yoast SEO Premium plugin. -->","yoast_head_json":{"title":"\u041f\u0440\u043e \u043d\u0430\u0441 - Leicht Group","robots":{"index":"index","follow":"follow","max-snippet":"max-snippet:-1","max-image-preview":"max-image-preview:large","max-video-preview":"max-video-preview:-1"},"canonical":"https:\/\/leicht.group\/uk\/about\/","og_locale":"uk_UA","og_type":"article","og_title":"\u041f\u0440\u043e \u043d\u0430\u0441","og_description":"\u041f\u0440\u043e \u043d\u0430\u0441 Leicht Group \u2014 \u043f\u0440\u043e\u043c\u0438\u0441\u043b\u043e\u0432\u0456 \u0442\u0430 \u0442\u0435\u0445\u043d\u043e\u043b\u043e\u0433\u0456\u0447\u043d\u0456 \u0456\u043d\u0441\u0442\u0430\u043b\u044f\u0446\u0456\u0457 \u041c\u0438 \u043d\u0430\u0434\u0430\u0454\u043c\u043e \u043f\u043e\u0441\u043b\u0443\u0433\u0438 \u0437 \u043f\u0440\u043e\u0454\u043a\u0442\u0443\u0432\u0430\u043d\u043d\u044f \u0442\u0430 \u0432\u0438\u0440\u043e\u0431\u043d\u0438\u0446\u0442\u0432\u0430 \u043f\u0440\u043e\u043c\u0438\u0441\u043b\u043e\u0432\u0438\u0445 \u0456 \u0442\u0435\u0445\u043d\u043e\u043b\u043e\u0433\u0456\u0447\u043d\u0438\u0445 \u043c\u0430\u0448\u0438\u043d \u0442\u0430 \u0456\u043d\u0441\u0442\u0430\u043b\u044f\u0446\u0456\u0439. \u041f\u043e\u0441\u043b\u0443\u0433\u0438 \u0440\u043e\u043a\u0456\u0432 \u043d\u0430 \u0440\u0438\u043d\u043a\u0443 0 + \u0440\u0435\u0430\u043b\u0456\u0437\u043e\u0432\u0430\u043d\u0438\u0445 \u043f\u0440\u043e\u0454\u043a\u0442\u0456\u0432 0 + \u043a\u043b\u0456\u0454\u043d\u0442\u0456\u0432 0 +","og_url":"https:\/\/leicht.group\/uk\/about\/","og_site_name":"Leicht Group","article_publisher":"https:\/\/www.facebook.com\/leicht.group\/","article_modified_time":"2025-06-03T14:09:57+00:00","og_image":[{"url":"https:\/\/leicht.group\/wp-content\/uploads\/elementor\/thumbs\/photo_2020-06-09_12-33-43-qoe21fkxzuj9h5ur8o8gief9zbjkm38i4lb3fqgem8.jpg","type":"","width":"","height":""}],"twitter_card":"summary_large_image","twitter_misc":{"\u041f\u0440\u0438\u0431\u043b. \u0447\u0430\u0441 \u0447\u0438\u0442\u0430\u043d\u043d\u044f":"1 \u0445\u0432\u0438\u043b\u0438\u043d\u0430"},"schema":{"@context":"https:\/\/schema.org","@graph":[{"@type":"WebPage","@id":"https:\/\/leicht.group\/uk\/about\/","url":"https:\/\/leicht.group\/uk\/about\/","name":"\u041f\u0440\u043e \u043d\u0430\u0441 - Leicht Group","isPartOf":{"@id":"https:\/\/leicht.group\/uk\/#website"},"primaryImageOfPage":{"@id":"https:\/\/leicht.group\/uk\/about\/#primaryimage"},"image":{"@id":"https:\/\/leicht.group\/uk\/about\/#primaryimage"},"thumbnailUrl":"https:\/\/leicht.group\/wp-content\/uploads\/elementor\/thumbs\/photo_2020-06-09_12-33-43-qoe21fkxzuj9h5ur8o8gief9zbjkm38i4lb3fqgem8.jpg","datePublished":"2024-05-19T11:56:34+00:00","dateModified":"2025-06-03T14:09:57+00:00","breadcrumb":{"@id":"https:\/\/leicht.group\/uk\/about\/#breadcrumb"},"inLanguage":"uk","potentialAction":[{"@type":"ReadAction","target":["https:\/\/leicht.group\/uk\/about\/"]}]},{"@type":"ImageObject","inLanguage":"uk","@id":"https:\/\/leicht.group\/uk\/about\/#primaryimage","url":"https:\/\/leicht.group\/wp-content\/uploads\/elementor\/thumbs\/photo_2020-06-09_12-33-43-qoe21fkxzuj9h5ur8o8gief9zbjkm38i4lb3fqgem8.jpg","contentUrl":"https:\/\/leicht.group\/wp-content\/uploads\/elementor\/thumbs\/photo_2020-06-09_12-33-43-qoe21fkxzuj9h5ur8o8gief9zbjkm38i4lb3fqgem8.jpg"},{"@type":"BreadcrumbList","@id":"https:\/\/leicht.group\/uk\/about\/#breadcrumb","itemListElement":[{"@type":"ListItem","position":1,"name":"Leicht Group","item":"https:\/\/leicht.group\/uk\/"},{"@type":"ListItem","position":2,"name":"\u041f\u0440\u043e \u043d\u0430\u0441"}]},{"@type":"WebSite","@id":"https:\/\/leicht.group\/uk\/#website","url":"https:\/\/leicht.group\/uk\/","name":"Leicht Group","description":"Instalacje przemys\u0142owe i technologiczne","publisher":{"@id":"https:\/\/leicht.group\/uk\/#organization"},"alternateName":"Leicht","potentialAction":[{"@type":"SearchAction","target":{"@type":"EntryPoint","urlTemplate":"https:\/\/leicht.group\/uk\/?s={search_term_string}"},"query-input":{"@type":"PropertyValueSpecification","valueRequired":true,"valueName":"search_term_string"}}],"inLanguage":"uk"},{"@type":["Organization","Place"],"@id":"https:\/\/leicht.group\/uk\/#organization","name":"Leicht Group","alternateName":"Leicht","url":"https:\/\/leicht.group\/uk\/","logo":{"@id":"https:\/\/leicht.group\/uk\/about\/#local-main-organization-logo"},"image":{"@id":"https:\/\/leicht.group\/uk\/about\/#local-main-organization-logo"},"sameAs":["https:\/\/www.facebook.com\/leicht.group\/","https:\/\/www.google.com\/maps\/place\/Leicht+Group\/@51.1183936,17.031103,17z\/data=!3m1!4b1!4m6!3m5!1s0x470fe986502baf89:0xe9a5c5972c916246!8m2!3d51.1183936!4d17.0336779!16s\/g\/11n0402l0b?entry=tts&g_ep=EgoyMDI0MDUxNC4wKgBIAVAD"],"description":"\u015awiadczymy us\u0142ugi w zakresie projektowania i produkcji maszyn i instalacji przemys\u0142owych i technologicznych.","legalName":"Leicht Group","foundingDate":"2017-01-22","numberOfEmployees":{"@type":"QuantitativeValue","minValue":"11","maxValue":"50"},"address":{"@id":"https:\/\/leicht.group\/uk\/about\/#local-main-place-address"},"geo":{"@type":"GeoCoordinates","latitude":"51.1183936","longitude":"17.0336779"},"telephone":["+48730819003"],"contactPoint":{"@type":"ContactPoint","telephone":"+48730819003","email":"biuro@leicht.group"},"openingHoursSpecification":[{"@type":"OpeningHoursSpecification","dayOfWeek":["Monday","Tuesday","Wednesday","Thursday","Friday"],"opens":"09:00","closes":"18:00"},{"@type":"OpeningHoursSpecification","dayOfWeek":["Saturday","Sunday"],"opens":"00:00","closes":"00:00"}],"email":"biuro@leicht.group","areaServed":"Poland, France, Germany"},{"@type":"PostalAddress","@id":"https:\/\/leicht.group\/uk\/about\/#local-main-place-address","streetAddress":"Rydygiera 14\/14","addressLocality":"Wroc\u0142aw","postalCode":"50-249","addressRegion":"Wroc\u0142aw","addressCountry":"PL"},{"@type":"ImageObject","inLanguage":"uk","@id":"https:\/\/leicht.group\/uk\/about\/#local-main-organization-logo","url":"https:\/\/leicht.group\/wp-content\/uploads\/2024\/05\/Leich-Group-Icon.png","contentUrl":"https:\/\/leicht.group\/wp-content\/uploads\/2024\/05\/Leich-Group-Icon.png","width":512,"height":512,"caption":"Leicht Group"}]},"geo.placename":"Wroc\u0142aw","geo.position":{"lat":"51.1183936","long":"17.0336779"},"geo.region":"\u041f\u043e\u043b\u044c\u0449\u0430"},"_links":{"self":[{"href":"https:\/\/leicht.group\/uk\/wp-json\/wp\/v2\/pages\/1962","targetHints":{"allow":["GET"]}}],"collection":[{"href":"https:\/\/leicht.group\/uk\/wp-json\/wp\/v2\/pages"}],"about":[{"href":"https:\/\/leicht.group\/uk\/wp-json\/wp\/v2\/types\/page"}],"author":[{"embeddable":true,"href":"https:\/\/leicht.group\/uk\/wp-json\/wp\/v2\/users\/1"}],"replies":[{"embeddable":true,"href":"https:\/\/leicht.group\/uk\/wp-json\/wp\/v2\/comments?post=1962"}],"version-history":[{"count":0,"href":"https:\/\/leicht.group\/uk\/wp-json\/wp\/v2\/pages\/1962\/revisions"}],"wp:attachment":[{"href":"https:\/\/leicht.group\/uk\/wp-json\/wp\/v2\/media?parent=1962"}],"curies":[{"name":"wp","href":"https:\/\/api.w.org\/{rel}","templated":true}]}}